{"id":518,"date":"2021-09-22T16:13:20","date_gmt":"2021-09-22T13:13:20","guid":{"rendered":"https:\/\/test.aliersa.com\/privacy-policy-2\/"},"modified":"2022-04-01T15:04:45","modified_gmt":"2022-04-01T12:04:45","slug":"politica-de-privacidad","status":"publish","type":"page","link":"https:\/\/test.aliersa.com\/ca\/politica-de-privacidad\/","title":{"rendered":"Pol\u00edtica de privadesa"},"content":{"rendered":"\r\n<p>De conformitat amb el Reglament (UE) 2016\/679 del Parlament Europeu i del Consell de 27 d&#8217;abril de 2016 (RGPD) i la Llei Org\u00e0nica 3\/2018, de 5 de desembre, de Protecci\u00f3 de Dades Personals i garantia dels drets digitals, ALIER, SA (Alier) informa sobre el tractament de les vostres dades personals.<\/p>\r\n<p>QUI \u00c9S EL RESPONSABLE DEL TRACTAMENT DE LES DADES?<br \/>Titular del lloc: Alier, S.A.<br \/>CIF: A08031544.<br \/>Domicili Social: C\/ Avda. Diagonal 403, 6\u00e8 3a, 08008, Barcelona.<br \/>Tel\u00e8fon: +34 93 304 28 60.<br \/>Email: info@alier.com.<\/p>\r\n<p>AMB QUINA FINALITAT TRACTAREM LES SEVES DADES PERSONALS?<br \/>\u2022 Respondre les consultes i\/o sol\u00b7licituds d&#8217;informaci\u00f3 transmeses per usuaris a trav\u00e9s del lloc web.<br \/>\u2022 Gestionar la participaci\u00f3 en processos de selecci\u00f3 de personal dels candidats que traslladin les seves sol\u00b7licituds a trav\u00e9s dels canals disposats per Alier a aquest efecte. Tant en processos de selecci\u00f3 actius com en futurs que puguin adaptar-se al seu perfil professional.<br \/>\u2022 Possibilitar la planificaci\u00f3 de transport a trav\u00e9s del canal disposat per Alier.<br \/>\u2022 Realitzar les gestions comercials, administratives, fiscals, comptables que siguin necess\u00e0ries per possibilitar la relaci\u00f3 comercial amb clients i\/o prove\u00efdors.<br \/>\u2022 Tractaments destinats al compliment de les obligacions comptables, fiscals i\/o mercantils legalment establertes.<br \/>\u2022 Possibilitar la remissi\u00f3 de comunicacions a prop\u00f2sit dels productes i serveis d&#8217;Alier.<br \/>\u2022 Respondre i, en tot cas, estudiar les den\u00fancies rebudes a trav\u00e9s del \u201cCanal \u00c8tic\u201d de l&#8217;empresa i\/o el Formulari de den\u00fancia d&#8217;igualtat i prevenci\u00f3 d&#8217;assetjament.<\/p>\r\n<p>QUINA \u00c9S LA LEGITIMACI\u00d3 PER AL TRACTAMENT DE LES SEVES DADES?<br \/>\u2022 Respondre les consultes i\/o les sol\u00b7licituds d&#8217;informaci\u00f3 transmeses per usuaris a trav\u00e9s del lloc web. El consentiment manifestat amb vost\u00e8, en el moment de fer la sol\u00b7licitud (Art. 6.1.a. RGPD).<br \/>\u2022 Gestionar la participaci\u00f3 en processos de selecci\u00f3 de personal dels candidats que traslladin les seves sol\u00b7licituds a trav\u00e9s dels canals disposats per Alier a aquest efecte. Tant en processos de selecci\u00f3 actius com en futurs que puguin adaptar-se al seu perfil professional. El tractament \u00e9s necessari per a l&#8217;execuci\u00f3 d&#8217;un contracte on l&#8217;interessat \u00e9s part o per a l&#8217;aplicaci\u00f3 a petici\u00f3 d&#8217;aquest de mesures precontractuals (Art. 6.1.b. RGPD).<br \/>\u2022 Possibilitar la planificaci\u00f3 de transport a trav\u00e9s del canal disposat per Alier. Possibilitar l&#8217;execuci\u00f3 dels serveis contractats (Art. 6.1.b. RGPD).<br \/>\u2022 Possibilitar la relaci\u00f3 comercial amb clients i prove\u00efdors. Possibilitar l&#8217;execuci\u00f3 dels serveis contractats o el compliment de les obligacions relacionades amb els productes oferts (art. 6.1.b. RGPD).<br \/>\u2022 Tractaments destinats al compliment de les obligacions comptables, fiscals i\/o mercantils legalment establertes. El tractament \u00e9s necessari per complir una obligaci\u00f3 legal aplicable al responsable del tractament (Art. 6.1.c RGPD).<br \/>\u2022 Possibilitar la remissi\u00f3 de comunicacions a prop\u00f2sit dels productes i serveis d&#8217;Alier. Inter\u00e8s leg\u00edtim de m\u00e0rqueting directe respecte a clients i consentiment per a clients potencials (Art. 21 LSSI).<br \/>\u2022 Respondre i en tot cas estudiar les den\u00fancies rebudes a trav\u00e9s del Canal \u00c8tic de l&#8217;empresa i\/o el Formulari de den\u00fancia d&#8217;igualtat i prevenci\u00f3 d&#8217;assetjament. Complir amb la llei i amb la normativa continguda al Codi Penal de responsabilitat penal de les persones jur\u00eddiques (Art. 6.1.c RGPD).<\/p>\r\n<p><br \/>A QUINS DESTINATARIS ES COMUNICARAN LES SEVES DADES?<br \/>\u00danicament est\u00e0 prevista la comunicaci\u00f3 de les dades facilitades, a trav\u00e9s del present lloc web o durant la prestaci\u00f3 de serveis, en cas que result\u00e9s imprescindible per complir les finalitats assenyalades per a cada tractament concret o una llei ho establisca.<\/p>\r\n<p>PER QUANT TEMPS CONSERVAREM LES SEVES DADES?<br \/>En general, les dades proporcionades es conservaran:<br \/>\u2022 Consultes i sol\u00b7licituds d&#8217;informaci\u00f3. El temps necessari per a la gesti\u00f3 de les vostres sol\u00b7licituds.<br \/>\u2022 Selecci\u00f3 de personal. En cas que no hagi estat seleccionat, dos anys per a futurs processos de selecci\u00f3.<br \/>\u2022 Possibilitar la planificaci\u00f3 de transport a trav\u00e9s del canal disposat per Alier.<br \/>Realitzar les gestions comercials, administratives, fiscals, comptables que siguin necess\u00e0ries per possibilitar la relaci\u00f3 comercial amb clients i\/o prove\u00efdors.<br \/>Tractaments destinats al compliment de les obligacions comptables, fiscals i\/o mercantils legalment establertes. Per a tots ells, els terminis legalment establerts.<br \/>\u2022 Remissi\u00f3 de comunicacions a prop\u00f2sit dels productes i serveis d&#8217;Alier. Fins que la informaci\u00f3 hagi deixat de ser \u00fatil per a la finalitat prevista o retiri el consentiment atorgat.<br \/>\u2022 Respondre i en tot cas estudiar les den\u00fancies rebudes a trav\u00e9s del Canal \u00c8tic de l&#8217;empresa i\/o el Formulari de den\u00fancia d&#8217;igualtat i prevenci\u00f3 d&#8217;assetjament. Les dades que es facilitin es conservaran el temps necessari per investigar i resoldre la den\u00fancia i fins a la prescripci\u00f3 o finalitzaci\u00f3 de les accions legals que es puguin derivar. En qualsevol altre cas, les dades s&#8217;eliminaran transcorregudes un any des de la recepci\u00f3.<\/p>\r\n<p>En tot cas, se suprimiran quan ho sol\u00b7liciti i sigui possible la seva supressi\u00f3.<\/p>\r\n<p>ON OBTENIM LES SEVES DADES?<br \/>Les dades que tractarem s\u00f3n les que ens pugui anar facilitant vost\u00e8 al llarg de la nostra relaci\u00f3.<\/p>\r\n<p>QUINES S\u00d3N ELS SEUS DRETS QUAN ENS FACILITA LES SEVES DADES?<br \/>Quan Alier tracti les seves dades personals, vost\u00e8 t\u00e9 dret a sol\u00b7licitar:<br \/>Acc\u00e9s.- L&#8217;interessat tindr\u00e0 dret a obtenir, per part d&#8217;Alier, confirmaci\u00f3 de si s&#8217;estan tractant o no les dades que li concerneixin, aix\u00ed com informaci\u00f3 detallada sobre determinats aspectes del tractament que s&#8217;estigui duent a terme.<br \/>Rectificaci\u00f3.- L&#8217;interessat tindr\u00e0 dret a obtenir la rectificaci\u00f3 de les dades personals inexactes que li concerneixin o que es completin les que siguin incompletes.<br \/>Supressi\u00f3.- Linteressat tindr\u00e0 dret a sol\u00b7licitar la supressi\u00f3 de les seves dades personals, en tot cas a la supressi\u00f3 estar\u00e0 subjecta als l\u00edmits establerts a la norma reguladora.<br \/>Limitaci\u00f3 del seu tractament.- L&#8217;interessat tindr\u00e0 dret a sol\u00b7licitar la limitaci\u00f3 respecte al tractament de les dades de car\u00e0cter personal<br \/>Oposici\u00f3 al tractament.- En determinades circumst\u00e0ncies i per motius relacionats amb la seva situaci\u00f3 particular, els interessats podran oposar-se al tractament de les dades. Alier deixar\u00e0 de tractar les dades, tret de motius leg\u00edtims, imperiosos, o l&#8217;exercici o la defensa de possibles reclamacions.<br \/>Dret a la portabilitat de les vostres dades.- \u00c9s a dir, tindreu dret a rebre les dades personals que us incumbeixin, que hagueu facilitat a un responsable del tractament, en un format estructurat, d&#8217;\u00fas com\u00fa i lectura mec\u00e0nica ia transmetre-les a un altre responsable del tractament. .<br \/>Els referits drets podran ser exercits mitjan\u00e7ant sol\u00b7licitud adre\u00e7ada a: Alier, S.A. Av. Diagonal 403 6\u00e8 3 08008 Barcelona. Tel. 933042860 E-mail info@aliersa.com<\/p>\r\n<p>QU\u00c8 PASSA SI NO FACILIT LES DADES SOL\u00b7LICITATES?<br \/>La negativa a facilitar les dades assenyalades com a obligat\u00f2ries podria suposar la impossibilitat d&#8217;accedir al servei o respondre a les seves sol\u00b7licituds.<br \/>Transfer\u00e8ncies internacionals.<br \/>No est\u00e0 prevista la transfer\u00e8ncia internacional de les dades tractades.<br \/>Tutela de les autoritats de control.<br \/>En cas que ho cregui oport\u00fa, pot requerir la tutela de l&#8217;Ag\u00e8ncia Espanyola de Protecci\u00f3 de Dades presentant la reclamaci\u00f3 corresponent. www.agpd.es. C\/ Jorge Juan n\u00fam. 6 28001 Madrid.<\/p>\r\n","protected":false},"excerpt":{"rendered":"<p>De conformitat amb el Reglament (UE) 2016\/679 del Parlament Europeu i del Consell de 27 d&#8217;abril de 2016 (RGPD) i la Llei Org\u00e0nica 3\/2018, de 5 de desembre, de Protecci\u00f3 de Dades Personals i garantia dels drets digitals, ALIER, SA (Alier) informa sobre el tractament de les vostres dades personals. QUI \u00c9S EL RESPONSABLE DEL [&hellip;]<\/p>\n","protected":false},"author":3,"featured_media":0,"parent":0,"menu_order":6,"comment_status":"closed","ping_status":"closed","template":"","meta":{"inline_featured_image":false,"footnotes":""},"yoast_head":"<!-- This site is optimized with the Yoast SEO plugin v22.1 - https:\/\/yoast.com\/wordpress\/plugins\/seo\/ -->\n<title>Pol\u00edtica de privadesa &#8211; Alier<\/title>\n<meta name=\"robots\" content=\"index, follow, max-snippet:-1, max-image-preview:large, max-video-preview:-1\" \/>\n<link rel=\"canonical\" href=\"https:\/\/test.aliersa.com\/ca\/politica-de-privacidad\/\" \/>\n<meta property=\"og:locale\" content=\"ca_ES\" \/>\n<meta property=\"og:type\" content=\"article\" \/>\n<meta property=\"og:title\" content=\"Pol\u00edtica de privadesa &#8211; Alier\" \/>\n<meta property=\"og:description\" content=\"De conformitat amb el Reglament (UE) 2016\/679 del Parlament Europeu i del Consell de 27 d&#8217;abril de 2016 (RGPD) i la Llei Org\u00e0nica 3\/2018, de 5 de desembre, de Protecci\u00f3 de Dades Personals i garantia dels drets digitals, ALIER, SA (Alier) informa sobre el tractament de les vostres dades personals. QUI \u00c9S EL RESPONSABLE DEL [&hellip;]\" \/>\n<meta property=\"og:url\" content=\"https:\/\/test.aliersa.com\/ca\/politica-de-privacidad\/\" \/>\n<meta property=\"og:site_name\" content=\"Alier\" \/>\n<meta property=\"article:modified_time\" content=\"2022-04-01T12:04:45+00:00\" \/>\n<meta name=\"twitter:card\" content=\"summary_large_image\" \/>\n<meta name=\"twitter:label1\" content=\"Temps estimat de lectura\" \/>\n\t<meta name=\"twitter:data1\" content=\"6 minuts\" \/>\n<script type=\"application\/ld+json\" class=\"yoast-schema-graph\">{\"@context\":\"https:\/\/schema.org\",\"@graph\":[{\"@type\":\"WebPage\",\"@id\":\"https:\/\/test.aliersa.com\/politica-de-privacidad\/\",\"url\":\"https:\/\/test.aliersa.com\/ca\/politica-de-privacidad\/\",\"name\":\"Pol\u00edtica de privadesa &#8211; Alier\",\"isPartOf\":{\"@id\":\"https:\/\/test.aliersa.com\/#website\"},\"datePublished\":\"2021-09-22T13:13:20+00:00\",\"dateModified\":\"2022-04-01T12:04:45+00:00\",\"breadcrumb\":{\"@id\":\"https:\/\/test.aliersa.com\/ca\/politica-de-privacidad\/#breadcrumb\"},\"inLanguage\":\"ca\",\"potentialAction\":[{\"@type\":\"ReadAction\",\"target\":[\"https:\/\/test.aliersa.com\/ca\/politica-de-privacidad\/\"]}]},{\"@type\":\"BreadcrumbList\",\"@id\":\"https:\/\/test.aliersa.com\/ca\/politica-de-privacidad\/#breadcrumb\",\"itemListElement\":[{\"@type\":\"ListItem\",\"position\":1,\"name\":\"Portada\",\"item\":\"https:\/\/test.aliersa.com\/ca\/\"},{\"@type\":\"ListItem\",\"position\":2,\"name\":\"Pol\u00edtica de privadesa\"}]},{\"@type\":\"WebSite\",\"@id\":\"https:\/\/test.aliersa.com\/#website\",\"url\":\"https:\/\/test.aliersa.com\/\",\"name\":\"Alier\",\"description\":\"L\u00edders en fabricaci\u00f3 sostenible des de 1948\",\"potentialAction\":[{\"@type\":\"SearchAction\",\"target\":{\"@type\":\"EntryPoint\",\"urlTemplate\":\"https:\/\/test.aliersa.com\/?s={search_term_string}\"},\"query-input\":\"required name=search_term_string\"}],\"inLanguage\":\"ca\"}]}<\/script>\n<!-- \/ Yoast SEO plugin. -->","yoast_head_json":{"title":"Pol\u00edtica de privadesa &#8211; Alier","robots":{"index":"index","follow":"follow","max-snippet":"max-snippet:-1","max-image-preview":"max-image-preview:large","max-video-preview":"max-video-preview:-1"},"canonical":"https:\/\/test.aliersa.com\/ca\/politica-de-privacidad\/","og_locale":"ca_ES","og_type":"article","og_title":"Pol\u00edtica de privadesa &#8211; Alier","og_description":"De conformitat amb el Reglament (UE) 2016\/679 del Parlament Europeu i del Consell de 27 d&#8217;abril de 2016 (RGPD) i la Llei Org\u00e0nica 3\/2018, de 5 de desembre, de Protecci\u00f3 de Dades Personals i garantia dels drets digitals, ALIER, SA (Alier) informa sobre el tractament de les vostres dades personals. QUI \u00c9S EL RESPONSABLE DEL [&hellip;]","og_url":"https:\/\/test.aliersa.com\/ca\/politica-de-privacidad\/","og_site_name":"Alier","article_modified_time":"2022-04-01T12:04:45+00:00","twitter_card":"summary_large_image","twitter_misc":{"Temps estimat de lectura":"6 minuts"},"schema":{"@context":"https:\/\/schema.org","@graph":[{"@type":"WebPage","@id":"https:\/\/test.aliersa.com\/politica-de-privacidad\/","url":"https:\/\/test.aliersa.com\/ca\/politica-de-privacidad\/","name":"Pol\u00edtica de privadesa &#8211; Alier","isPartOf":{"@id":"https:\/\/test.aliersa.com\/#website"},"datePublished":"2021-09-22T13:13:20+00:00","dateModified":"2022-04-01T12:04:45+00:00","breadcrumb":{"@id":"https:\/\/test.aliersa.com\/ca\/politica-de-privacidad\/#breadcrumb"},"inLanguage":"ca","potentialAction":[{"@type":"ReadAction","target":["https:\/\/test.aliersa.com\/ca\/politica-de-privacidad\/"]}]},{"@type":"BreadcrumbList","@id":"https:\/\/test.aliersa.com\/ca\/politica-de-privacidad\/#breadcrumb","itemListElement":[{"@type":"ListItem","position":1,"name":"Portada","item":"https:\/\/test.aliersa.com\/ca\/"},{"@type":"ListItem","position":2,"name":"Pol\u00edtica de privadesa"}]},{"@type":"WebSite","@id":"https:\/\/test.aliersa.com\/#website","url":"https:\/\/test.aliersa.com\/","name":"Alier","description":"L\u00edders en fabricaci\u00f3 sostenible des de 1948","potentialAction":[{"@type":"SearchAction","target":{"@type":"EntryPoint","urlTemplate":"https:\/\/test.aliersa.com\/?s={search_term_string}"},"query-input":"required name=search_term_string"}],"inLanguage":"ca"}]}},"_links":{"self":[{"href":"https:\/\/test.aliersa.com\/ca\/wp-json\/wp\/v2\/pages\/518"}],"collection":[{"href":"https:\/\/test.aliersa.com\/ca\/wp-json\/wp\/v2\/pages"}],"about":[{"href":"https:\/\/test.aliersa.com\/ca\/wp-json\/wp\/v2\/types\/page"}],"author":[{"embeddable":true,"href":"https:\/\/test.aliersa.com\/ca\/wp-json\/wp\/v2\/users\/3"}],"replies":[{"embeddable":true,"href":"https:\/\/test.aliersa.com\/ca\/wp-json\/wp\/v2\/comments?post=518"}],"version-history":[{"count":6,"href":"https:\/\/test.aliersa.com\/ca\/wp-json\/wp\/v2\/pages\/518\/revisions"}],"predecessor-version":[{"id":1857,"href":"https:\/\/test.aliersa.com\/ca\/wp-json\/wp\/v2\/pages\/518\/revisions\/1857"}],"wp:attachment":[{"href":"https:\/\/test.aliersa.com\/ca\/wp-json\/wp\/v2\/media?parent=518"}],"curies":[{"name":"wp","href":"https:\/\/api.w.org\/{rel}","templated":true}]}}