{"id":880,"date":"2021-11-17T12:53:08","date_gmt":"2021-11-17T09:53:08","guid":{"rendered":"https:\/\/test.aliersa.com\/?page_id=880"},"modified":"2022-04-01T18:34:56","modified_gmt":"2022-04-01T15:34:56","slug":"aviso-legal","status":"publish","type":"page","link":"https:\/\/test.aliersa.com\/ca\/aviso-legal\/","title":{"rendered":"Aviso legal"},"content":{"rendered":"\r\n<p class=\"p1\">En cumplimiento de lo dispuesto en el art\u00edculo 10 de la Ley 34\/2002, de Servicios de la Sociedad de la Informaci\u00f3n y de Comercio Electr\u00f3nico, informamos a los usuarios de nuestros datos:<\/p>\r\n<p class=\"p1\"><b>Denominaci\u00f3n Social:<\/b> ALIER, S.A.<span class=\"Apple-converted-space\">\u00a0<br \/><\/span><b>Domicilio social: <span style=\"font-weight: 400;\">Avda. Diagonal 403, 6\u00ba 3\u00aa, 08008, Barcelona<\/span><\/b><br \/><b>CIF: <\/b>A-08031544<br \/><b>Tel\u00e9fono: <\/b>+34 933 042 860<span class=\"Apple-converted-space\">\u00a0<br \/><\/span><b>E-Mail:<\/b> info@alier.com<br \/><b>Sitio web:<\/b> <a href=\"http:\/\/www.alier.com\"><span class=\"s1\">alier.com<\/span><\/a><\/p>\r\n<p class=\"p1\">Inscrita en el Registro Mercantil de Barcelona, tomo 46.339, folio 141, hoja B-6826.<\/p>\r\n<p class=\"p1\"><br \/><b>1. OBJETO<span class=\"Apple-converted-space\">\u00a0<\/span><\/b><\/p>\r\n<p class=\"p1\">ALIER, S.A. (en adelante, tambi\u00e9n referida como el Prestador) c\u00f3mo responsable del sitio web <a href=\"http:\/\/www.alier.com\"><span class=\"s1\">alier.com<\/span><\/a> (en adelante, el \u201cSitio Web\u201d) pone a disposici\u00f3n de los usuarios el presente documento con el que pretende dar cumplimiento a las obligaciones previstas en la Ley 34\/2002, de Servicios de la Sociedad de la Informaci\u00f3n y del Comercio Electr\u00f3nico (LSSICE), as\u00ed como informar a todos los usuarios del sitio web respecto de cu\u00e1les son las condiciones de uso del Sitio Web.<\/p>\r\n<p class=\"p1\">Se entiende que tienen la consideraci\u00f3n de usuario todas las personas que accedan, naveguen y\/o utilicen los servicios de la sociedad de la informaci\u00f3n puestos a disposici\u00f3n a trav\u00e9s del Sitio Web. El acceso y uso del Sitio Web suponen la aceptaci\u00f3n total y sin reservas por parte de los usuarios de todas y cada una de las condiciones previstas en este Aviso legal, as\u00ed como de cualesquiera otras disposiciones legales que fueran de aplicaci\u00f3n.<\/p>\r\n<p class=\"p1\">El Prestador podr\u00e1 efectuar, en cualquier momento y sin necesidad de previo aviso, modificaciones y\/o actualizaciones del Sitio Web y de cualesquiera de sus contenidos, incluido el presente Aviso Legal, siendo suficiente la publicaci\u00f3n en el sitio web del Prestador.<\/p>\r\n<p class=\"p1\">Por tanto, recomendamos que el usuario lea atentamente el Aviso Legal antes de cada acceso y navegaci\u00f3n por el Sitio web.<\/p>\r\n<p class=\"p1\"><b>2. CONDICIONES DE ACCESO Y USO DE LA WEB<\/b><\/p>\r\n<p class=\"p1\"><b>2.1. Car\u00e1cter gratuito del acceso y uso de la web.<\/b><\/p>\r\n<p class=\"p1\">El acceso y navegaci\u00f3n por el Sitio Web son gratuitos y no exigen la previa suscripci\u00f3n o registro de los Usuarios.<span class=\"Apple-converted-space\">\u00a0<\/span><\/p>\r\n<p class=\"p1\"><b>2.2. Veracidad de la informaci\u00f3n.<\/b><\/p>\r\n<p class=\"p1\">Toda la informaci\u00f3n que el usuario pueda facilitar al Prestador tiene que ser veraz. A estos efectos, el usuario garantiza la autenticidad de los datos comunicados al Prestador a trav\u00e9s de este Sitio web u otros medios de comunicaci\u00f3n. Ser\u00e1 responsabilidad del usuario mantener toda la informaci\u00f3n facilitada al Prestador permanentemente actualizada de forma que responda, en cada momento, a su situaci\u00f3n real. En todo caso, el usuario ser\u00e1 el \u00fanico responsable de las manifestaciones falsas o inexactas que realice y de los perjuicios que cause al Prestador o a terceros.<\/p>\r\n<p class=\"p1\"><b>2.3. Menores de edad.<\/b><\/p>\r\n<p class=\"p1\">Para acceder, navegar y utilizar los servicios de la sociedad de la informaci\u00f3n puestos a disposici\u00f3n a trav\u00e9s del Sitio Web, los menores de edad tienen que obtener siempre previamente el consentimiento de los padres, tutores o representantes legales que ser\u00e1n responsables \u00faltimos de todos los actos realizados por los menores a su cargo. La responsabilidad en la determinaci\u00f3n de los contenidos concretos a los cuales puedan acceder los menores corresponde a dichos sujetos. Por ello, para evitar que los menores accedan a contenidos no apropiados por Internet, se tendr\u00e1n que establecer en sus ordenadores mecanismos, tales como programas inform\u00e1ticos, filtros y bloqueos, que permitan limitar los contenidos disponibles y que, a pesar de que no sean infalibles, son de especial utilidad para controlar y restringir los materiales a los que pueden acceder los menores.<\/p>\r\n<p class=\"p1\"><b>2.4 Obligaci\u00f3n de hacer un uso correcto de la web.<\/b><\/p>\r\n<p class=\"p1\">El usuario reconoce y acepta que tanto el acceso al Sitio Web como el uso del mismo se realiza bajo su exclusiva responsabilidad. El usuario se compromete a utilizar los contenidos, informaci\u00f3n y datos del Sitio Web de conformidad con las condiciones establecidas en el presente Aviso Legal, los t\u00e9rminos previstos en la Pol\u00edtica de Privacidad y en la Pol\u00edtica de Cookies, la normativa de aplicaci\u00f3n, las buenas costumbres y el orden p\u00fablico. A tal efecto, el usuario se abstendr\u00e1 de utilizar el Sitio Web y\/o sus contenidos con fines il\u00edcitos, prohibidos o contrarios a los aqu\u00ed establecidos, lesivos de los derechos e intereses del Prestador o de terceros o que, de cualquier forma, puedan da\u00f1ar, inutilizar, sobrecargar, deteriorar o impedir la normal utilizaci\u00f3n del Sitio Web y\/o de equipos inform\u00e1ticos, documentos, archivos y toda clase de contenidos almacenados en cualquier equipo inform\u00e1tico del Prestador.<\/p>\r\n<p class=\"p1\">En particular, a t\u00edtulo indicativo pero no exhaustivo, el Usuario se compromete a no transmitir, difundir o poner a disposici\u00f3n de terceros informaciones, datos, contenidos, mensajes, gr\u00e1ficos, dibujos, archivos de sonido o imagen, fotograf\u00edas, grabaciones, software y, en general, cualquier clase de material que: (a) sea contrario, desprecie o atente contra los derechos fundamentales y las libertades p\u00fablicas reconocidas constitucionalmente en tratados internacionales y otras normas vigentes; (b) induzca, incite o promueva actuaciones delictivas, denigrantes, difamatorias, violentas o, en general, contrarias a la ley, a la moral y al orden p\u00fablico; (c) induzca, incite o promueva actuaciones, actitudes o pensamientos discriminatorios por raz\u00f3n de sexo, raza, religi\u00f3n, creencias, edad o condici\u00f3n; (d) sea contrario al derecho al honor, a la intimidad personal o familiar o a la propia imagen de las personas; (e) de cualquier manera perjudique la credibilidad del Prestador o de terceros; y<\/p>\r\n<p class=\"p1\">(f) constituya publicidad il\u00edcita, enga\u00f1osa o desleal.<\/p>\r\n<p class=\"p1\"><b>3.- EXCLUSI\u00d3N DE GARANT\u00cdAS Y RESPONSABILIDAD<\/b><\/p>\r\n<p class=\"p1\">El Prestador se exime de cualquier tipo de responsabilidad derivada de la informaci\u00f3n publicada en el Sitio Web, siempre que esta informaci\u00f3n haya sido manipulada o introducida por terceros.<span class=\"Apple-converted-space\">\u00a0<\/span><\/p>\r\n<p class=\"p1\">Esta p\u00e1gina web ha sido revisada y probada para que funcione correctamente. Sin embargo, el Prestador no descarta la posibilidad que existan determinados errores de programaci\u00f3n, o que sucedan causas de fuerza mayor, cat\u00e1strofes naturales, huelgas, o circunstancias parecidas que hagan imposible el acceso a la p\u00e1gina web.<\/p>\r\n<p class=\"p1\">EL Prestador no ser\u00e1 responsable de ninguna consecuencia, da\u00f1o o perjuicio que pudiera derivarse del acceso o uso del Sitio Web o del incumplimiento de las condiciones establecidas en el presente Aviso Legal, los t\u00e9rminos previstos en la pol\u00edtica de privacidad y\/o en la normativa de aplicaci\u00f3n, ni de los da\u00f1os que puedan dimanar del uso ilegal o indebido del Sitio Web.<\/p>\r\n<p class=\"p1\"><br \/>Asimismo, el Prestador no otorga ninguna garant\u00eda ni se hace responsable, en ning\u00fan caso, de los da\u00f1os y perjuicios de cualquier naturaleza derivados de la falta de disponibilidad, mantenimiento y efectivo funcionamiento del Sitio Web o de sus servicios y contenidos; de la existencia de virus, programas maliciosos o lesivos en los contenidos; o de la falta de licitud, calidad, fiabilidad, utilidad y disponibilidad de los servicios prestados por terceros.<\/p>\r\n<p class=\"p1\"><b>4. COOKIES<\/b><\/p>\r\n<p class=\"p1\">El Sitio Web puede utilizar cookies (peque\u00f1os archivos de informaci\u00f3n que el servidor env\u00eda al ordenador de quien accede en la p\u00e1gina) para llevar a cabo determinadas funciones que son consideradas imprescindibles para el correcto funcionamiento y visualizaci\u00f3n del mismo. Las cookies utilizadas tienen, en todo caso, car\u00e1cter temporal y su \u00fanica finalidad es la de hacer m\u00e1s eficaz la navegaci\u00f3n y desaparecen al terminar la sesi\u00f3n del usuario. En ning\u00fan caso se utilizar\u00e1n las cookies para recoger informaci\u00f3n de car\u00e1cter personal. Para m\u00e1s informaci\u00f3n, ver nuestra <span class=\"s1\">Pol\u00edtica de Cookies<\/span>.<\/p>\r\n<p class=\"p1\"><b>5. ENLACES (Links)<\/b><\/p>\r\n<p class=\"p1\">En el presente Sitio Web se pueden utilizar enlaces (links) a otras p\u00e1ginas o sitios web. Entre los enlaces facilitados, existe la posibilidad de informar o hacer referencia a productos y\/o servicios de terceros. El Prestador no se responsabiliza ni del contenido ni de las medidas de seguridad adoptadas por cualquier otra p\u00e1gina o sitio web al cual se tenga acceso desde el presente Sitio Web, sitios a los que accede el usuario bajo su exclusiva responsabilidad. Asimismo, tampoco se garantiza la ausencia de virus u otros elementos da\u00f1inos en los contenidos enlazados desde el Sitio Web que puedan producir alteraciones en el sistema inform\u00e1tico (hardware y software) y\/o en los documentos o los ficheros del usuario, quedando el Prestador eximido de toda responsabilidad derivada de los da\u00f1os de cualquier \u00edndole ocasionados por todo lo anterior.<\/p>\r\n<p class=\"p1\">En todo caso, el Prestador manifiesta que proceder\u00e1 a la retirada inmediata de cualquier contenido que pudiera contravenir la legislaci\u00f3n nacional o internacional, la moral o el orden p\u00fablico, procediendo a la retirada inmediata de la redirecci\u00f3n a estas webs, poniendo en conocimiento de las autoridades competentes el contenido en cuesti\u00f3n.<\/p>\r\n<p class=\"p1\">El Prestador<b> <\/b>tendr\u00e1 publicados estos enlaces hasta que sean eliminados o suspendidos por el Prestador o por el anunciante, y no ser\u00e1 responsable, aunque estos anuncios puedan ser indexados por otros buscadores ajenos a esta web.<\/p>\r\n<p class=\"p1\">El Prestador no se responsabiliza de la informaci\u00f3n y contenidos almacenados, a t\u00edtulo enunciativo pero no limitativos, en foros, chats, generadores de blogs, comentarios, redes sociales o cualquiera otro medio que permita a terceros publicar contenidos de forma independiente a la p\u00e1gina web del Prestador.<span class=\"Apple-converted-space\">\u00a0<\/span><\/p>\r\n<p class=\"p1\">En cumplimiento de lo dispuesto en los arts. 11 y 16 de la LSSICE, el Prestador se pone a disposici\u00f3n de todos los usuarios, autoridades y fuerzas de seguridad, para colaborar de forma activa en la retirada o, cuando sea necesario, el bloqueo de todos aquellos contenidos que puedan afectar o contravenir la legislaci\u00f3n nacional, o internacional, derechos de terceros o la moral y el orden p\u00fablico. En caso de que el usuario considere que alg\u00fan contenido puede ser susceptible de esta clasificaci\u00f3n, se ruega lo notifique de forma inmediata al Prestador.<\/p>\r\n<p class=\"p1\">Sin perjuicio de lo anterior, se informa que cualquier relaci\u00f3n contractual o extracontractual que el usuario formalice con estos terceros, afiliados o anunciantes mediante el link proporcionado por esta web, ser\u00e1 v\u00e1lido \u00fanicamente y exclusivamente entre el usuario y el anunciante y \/o tercera persona y el Prestador no tendr\u00e1 ning\u00fan tipo de responsabilidad sobre los da\u00f1os o perjuicios que pudieran ser ocasionados por la prestaci\u00f3n de servicios y\/o relaciones contractuales o extracontractuales realizadas entre el usuario y los anunciantes o terceros contactados a trav\u00e9s de este portal ya que el Prestador s\u00f3lo act\u00faa como intermediario o medio publicitario.<\/p>\r\n<p class=\"p1\"><b>6. PROTECCI\u00d3N DE DATOS PERSONALES<\/b><\/p>\r\n<p class=\"p1\">El Prestador est\u00e1 comprometido con el cumplimiento de la normativa de protecci\u00f3n de datos personales. Por ello, se garantiza el cumplimiento \u00edntegro de las obligaciones previstas en el Reglamento Europeo de Protecci\u00f3n de datos y la normativa espa\u00f1ola de protecci\u00f3n de datos, as\u00ed como la implementaci\u00f3n de las medidas de seguridad previstas en dichos textos legales. Para m\u00e1s informaci\u00f3n, ver nuestra <span class=\"s1\">Pol\u00edtica de Privacidad<\/span>.<\/p>\r\n<p class=\"p1\"><b>7. REDES SOCIALES<\/b><\/p>\r\n<p class=\"p1\">Le informamos que el Prestador puede tener p\u00e1ginas oficiales en redes sociales. El tratamiento de los datos de las personas que se hagan seguidoras (y\/o realicen cualquier v\u00ednculo o acci\u00f3n de conexi\u00f3n a trav\u00e9s de las redes sociales) de las p\u00e1ginas oficiales del Prestador en dichas redes se regir\u00e1 por este apartado, as\u00ed como por las condiciones de uso, pol\u00edtica de privacidad y normativas de acceso de la red social en cuesti\u00f3n que hayan sido aceptadas previamente por el usuario. El Prestador podr\u00e1 tratar sus datos con las finalidades de administrar correctamente su actividad en la red social en cuesti\u00f3n, inform\u00e1ndole de actividades, productos o servicios del Prestador, as\u00ed como para cualquier otra finalidad que las normativas aplicables a las Redes Sociales permitan, pero no se har\u00e1 responsable de sus pol\u00edticas de privacidad.<\/p>\r\n<p class=\"p1\">Queda prohibida la publicaci\u00f3n en los perfiles y p\u00e1ginas oficiales del Prestador en redes sociales de contenidos: (i) que sean presuntamente il\u00edcitos por la normativa nacional, comunitaria o internacional o que impliquen la realizaci\u00f3n de actividades presuntamente il\u00edcitas o contravengan los principios de la buena fe; (ii) Que atenten contra los derechos fundamentales de las personas, falten a la cortes\u00eda en la red, molesten o puedan generar opiniones negativas en nuestros usuarios o terceros y, en general, cualesquiera sean los contenidos que el Prestador considere no apropiados; y (iii) en general, que contravengan los principios de legalidad, honradez, responsabilidad, protecci\u00f3n de la dignidad humana, protecci\u00f3n de menores, protecci\u00f3n del orden p\u00fablico, la protecci\u00f3n de la vida privada, la protecci\u00f3n del consumidor y los derechos de propiedad intelectual e industrial.<\/p>\r\n<p class=\"p1\">Asimismo, el Prestador se reserva la facultad de retirar, sin previo aviso, del Sitio Web o de sus perfiles en redes sociales aquellos contenidos que se consideren no apropiados.<\/p>\r\n<p class=\"p1\"><b>8. PROPIEDAD INTELECTUAL E INDUSTRIAL<\/b><\/p>\r\n<p class=\"p1\">El usuario reconoce y acepta que todos los derechos de propiedad industrial e intelectual sobre los contenidos y\/o cualesquiera otros elementos insertados por el Prestador en el presente Sitio Web (incluyendo, a t\u00edtulo meramente enunciativo y no limitativo, todos aquellos elementos que conforman la apariencia visual, imagen gr\u00e1fica as\u00ed como los elementos audiovisuales o audio del Sitio Web, tambi\u00e9n denominados en su conjunto &#8220;look and feel&#8221;: marcas, logotipos, nombres comerciales, textos, gr\u00e1ficos, dise\u00f1os, sonidos, videos, bases de datos, software, diagramas de flujo, presentaci\u00f3n, arquitectura de navegaci\u00f3n, as\u00ed como los c\u00f3digos fuente del Sitio Web) pertenecen al Prestador y\/o a terceros que le han cedido sus derechos de propiedad industrial y\/o intelectual.<\/p>\r\n<p class=\"p1\">En ning\u00fan caso el acceso al Sitio Web implica alg\u00fan tipo de permiso, renuncia, transmisi\u00f3n, licencia o cesi\u00f3n, total ni parcial, de los derechos sobre los contenidos por parte de sus titulares, salvo que se establezca expresamente lo contrario.<\/p>\r\n<p class=\"p1\">Por ello, salvo en aquellos casos en los que est\u00e9 legalmente permitido, queda expresamente prohibida la utilizaci\u00f3n de cualesquiera contenidos y\/o elementos del Sitio Web, su total o parcial reproducci\u00f3n, comunicaci\u00f3n o distribuci\u00f3n con fines comerciales o lucrativos, as\u00ed como su modificaci\u00f3n, alteraci\u00f3n, descompilaci\u00f3n y\/o cualquier otro acto de explotaci\u00f3n o transformaci\u00f3n del Sitio Web y\/o de sus contenidos.<\/p>\r\n<p class=\"p1\">La reproducci\u00f3n total o parcial, uso, distribuci\u00f3n y comunicaci\u00f3n p\u00fablica de cualquier contenido del Sitio Web requieren la autorizaci\u00f3n escrita previa por parte del Prestador. Cualquier uso no autorizado previamente ser\u00e1 considerado un incumplimiento grave de las condiciones previstas en este Aviso Legal y una infracci\u00f3n de los derechos de propiedad intelectual o industrial del autor de dichos contenidos.<\/p>\r\n<p class=\"p1\">Los dise\u00f1os, logotipos, textos y\/o gr\u00e1ficos u cualesquiera otros contenidos del Sitio Web ajenos al Prestador pertenecen a sus respectivos propietarios y\/o creadores, siendo ellos mismos los responsables de cualquier posible controversia que pudiera acontecer respecto a los mismos. En todo caso, el Prestador cuenta con la autorizaci\u00f3n expresa y previa por parte de los mismos.<\/p>\r\n<p class=\"p1\">El Prestador reconoce a favor de sus titulares los correspondientes derechos de propiedad industrial e intelectual, no implicando la menci\u00f3n o aparici\u00f3n en el Sitio Web la existencia de derechos o responsabilidad del Prestador sobre los mismos, como tampoco respaldo, patrocinio o recomendaci\u00f3n por parte del mismo.<\/p>\r\n<p class=\"p1\">Sin perjuicio de todo lo anterior, en caso de que el usuario o un tercero estimasen que alg\u00fan contenido del Sitio Web vulnera derechos de propiedad intelectual e industrial, rogamos lo pongan en nuestro conocimiento a la mayor brevedad posible a trav\u00e9s del correo electr\u00f3nico arriba rese\u00f1ado.<\/p>\r\n<p class=\"p1\"><b>9. MODIFICACI\u00d3N DE AVISO LEGAL, POL\u00cdTICA DE PRIVACIDAD Y DE PROTECCI\u00d3N DE DATOS<\/b><\/p>\r\n<p class=\"p1\">El Prestador se reserva el derecho a modificar en todo momento, y sin previo aviso, las condiciones y t\u00e9rminos previstos en el presente Aviso Legal, pol\u00edticas de privacidad y cookies, para adaptarlas a las novedades legislativas o jurisprudenciales as\u00ed como a las modificaciones o pr\u00e1cticas de la industria, debiendo el usuario consultar peri\u00f3dicamente las presentes condiciones, t\u00e9rminos y pol\u00edticas a fin de comprobar o cerciorarse de la existencia de cambios en las mismas, tomando como referencia la fecha de la \u00faltima actualizaci\u00f3n.<\/p>\r\n<p class=\"p1\"><b>10.- LEY APLICABLE Y JURISDICCI\u00d3N<\/b><\/p>\r\n<p class=\"p1\">Para la resoluci\u00f3n de las controversias o cuestiones relacionadas con el Sitio Web, ser\u00e1 de aplicaci\u00f3n la legislaci\u00f3n espa\u00f1ola, a la que se someten expresamente las partes, siendo competentes por la resoluci\u00f3n de todos los conflictos derivados o relacionados con su uso los Juzgados y Tribunales de Barcelona.<\/p>\r\n","protected":false},"excerpt":{"rendered":"<p>En cumplimiento de lo dispuesto en el art\u00edculo 10 de la Ley 34\/2002, de Servicios de la Sociedad de la Informaci\u00f3n y de Comercio Electr\u00f3nico, informamos a los usuarios de nuestros datos: Denominaci\u00f3n Social: ALIER, S.A.\u00a0Domicilio social: Avda. Diagonal 403, 6\u00ba 3\u00aa, 08008, BarcelonaCIF: A-08031544Tel\u00e9fono: +34 933 042 860\u00a0E-Mail: info@alier.comSitio web: alier.com Inscrita en el [&hellip;]<\/p>\n","protected":false},"author":3,"featured_media":0,"parent":0,"menu_order":33,"comment_status":"closed","ping_status":"closed","template":"","meta":{"inline_featured_image":false,"footnotes":""},"yoast_head":"<!-- This site is optimized with the Yoast SEO plugin v22.1 - https:\/\/yoast.com\/wordpress\/plugins\/seo\/ -->\n<title>Aviso legal &#8211; Alier<\/title>\n<meta name=\"robots\" content=\"index, follow, max-snippet:-1, max-image-preview:large, max-video-preview:-1\" \/>\n<link rel=\"canonical\" href=\"https:\/\/test.aliersa.com\/ca\/aviso-legal\/\" \/>\n<meta property=\"og:locale\" content=\"ca_ES\" \/>\n<meta property=\"og:type\" content=\"article\" \/>\n<meta property=\"og:title\" content=\"Aviso legal &#8211; Alier\" \/>\n<meta property=\"og:description\" content=\"En cumplimiento de lo dispuesto en el art\u00edculo 10 de la Ley 34\/2002, de Servicios de la Sociedad de la Informaci\u00f3n y de Comercio Electr\u00f3nico, informamos a los usuarios de nuestros datos: Denominaci\u00f3n Social: ALIER, S.A.\u00a0Domicilio social: Avda. Diagonal 403, 6\u00ba 3\u00aa, 08008, BarcelonaCIF: A-08031544Tel\u00e9fono: +34 933 042 860\u00a0E-Mail: info@alier.comSitio web: alier.com Inscrita en el [&hellip;]\" \/>\n<meta property=\"og:url\" content=\"https:\/\/test.aliersa.com\/ca\/aviso-legal\/\" \/>\n<meta property=\"og:site_name\" content=\"Alier\" \/>\n<meta property=\"article:modified_time\" content=\"2022-04-01T15:34:56+00:00\" \/>\n<meta name=\"twitter:card\" content=\"summary_large_image\" \/>\n<meta name=\"twitter:label1\" content=\"Temps estimat de lectura\" \/>\n\t<meta name=\"twitter:data1\" content=\"14 minuts\" \/>\n<script type=\"application\/ld+json\" class=\"yoast-schema-graph\">{\"@context\":\"https:\/\/schema.org\",\"@graph\":[{\"@type\":\"WebPage\",\"@id\":\"https:\/\/test.aliersa.com\/aviso-legal\/\",\"url\":\"https:\/\/test.aliersa.com\/ca\/aviso-legal\/\",\"name\":\"Aviso legal &#8211; Alier\",\"isPartOf\":{\"@id\":\"https:\/\/test.aliersa.com\/#website\"},\"datePublished\":\"2021-11-17T09:53:08+00:00\",\"dateModified\":\"2022-04-01T15:34:56+00:00\",\"breadcrumb\":{\"@id\":\"https:\/\/test.aliersa.com\/ca\/aviso-legal\/#breadcrumb\"},\"inLanguage\":\"ca\",\"potentialAction\":[{\"@type\":\"ReadAction\",\"target\":[\"https:\/\/test.aliersa.com\/ca\/aviso-legal\/\"]}]},{\"@type\":\"BreadcrumbList\",\"@id\":\"https:\/\/test.aliersa.com\/ca\/aviso-legal\/#breadcrumb\",\"itemListElement\":[{\"@type\":\"ListItem\",\"position\":1,\"name\":\"Portada\",\"item\":\"https:\/\/test.aliersa.com\/ca\/\"},{\"@type\":\"ListItem\",\"position\":2,\"name\":\"Aviso legal\"}]},{\"@type\":\"WebSite\",\"@id\":\"https:\/\/test.aliersa.com\/#website\",\"url\":\"https:\/\/test.aliersa.com\/\",\"name\":\"Alier\",\"description\":\"L\u00edders en fabricaci\u00f3 sostenible des de 1948\",\"potentialAction\":[{\"@type\":\"SearchAction\",\"target\":{\"@type\":\"EntryPoint\",\"urlTemplate\":\"https:\/\/test.aliersa.com\/?s={search_term_string}\"},\"query-input\":\"required name=search_term_string\"}],\"inLanguage\":\"ca\"}]}<\/script>\n<!-- \/ Yoast SEO plugin. -->","yoast_head_json":{"title":"Aviso legal &#8211; Alier","robots":{"index":"index","follow":"follow","max-snippet":"max-snippet:-1","max-image-preview":"max-image-preview:large","max-video-preview":"max-video-preview:-1"},"canonical":"https:\/\/test.aliersa.com\/ca\/aviso-legal\/","og_locale":"ca_ES","og_type":"article","og_title":"Aviso legal &#8211; Alier","og_description":"En cumplimiento de lo dispuesto en el art\u00edculo 10 de la Ley 34\/2002, de Servicios de la Sociedad de la Informaci\u00f3n y de Comercio Electr\u00f3nico, informamos a los usuarios de nuestros datos: Denominaci\u00f3n Social: ALIER, S.A.\u00a0Domicilio social: Avda. Diagonal 403, 6\u00ba 3\u00aa, 08008, BarcelonaCIF: A-08031544Tel\u00e9fono: +34 933 042 860\u00a0E-Mail: info@alier.comSitio web: alier.com Inscrita en el [&hellip;]","og_url":"https:\/\/test.aliersa.com\/ca\/aviso-legal\/","og_site_name":"Alier","article_modified_time":"2022-04-01T15:34:56+00:00","twitter_card":"summary_large_image","twitter_misc":{"Temps estimat de lectura":"14 minuts"},"schema":{"@context":"https:\/\/schema.org","@graph":[{"@type":"WebPage","@id":"https:\/\/test.aliersa.com\/aviso-legal\/","url":"https:\/\/test.aliersa.com\/ca\/aviso-legal\/","name":"Aviso legal &#8211; Alier","isPartOf":{"@id":"https:\/\/test.aliersa.com\/#website"},"datePublished":"2021-11-17T09:53:08+00:00","dateModified":"2022-04-01T15:34:56+00:00","breadcrumb":{"@id":"https:\/\/test.aliersa.com\/ca\/aviso-legal\/#breadcrumb"},"inLanguage":"ca","potentialAction":[{"@type":"ReadAction","target":["https:\/\/test.aliersa.com\/ca\/aviso-legal\/"]}]},{"@type":"BreadcrumbList","@id":"https:\/\/test.aliersa.com\/ca\/aviso-legal\/#breadcrumb","itemListElement":[{"@type":"ListItem","position":1,"name":"Portada","item":"https:\/\/test.aliersa.com\/ca\/"},{"@type":"ListItem","position":2,"name":"Aviso legal"}]},{"@type":"WebSite","@id":"https:\/\/test.aliersa.com\/#website","url":"https:\/\/test.aliersa.com\/","name":"Alier","description":"L\u00edders en fabricaci\u00f3 sostenible des de 1948","potentialAction":[{"@type":"SearchAction","target":{"@type":"EntryPoint","urlTemplate":"https:\/\/test.aliersa.com\/?s={search_term_string}"},"query-input":"required name=search_term_string"}],"inLanguage":"ca"}]}},"_links":{"self":[{"href":"https:\/\/test.aliersa.com\/ca\/wp-json\/wp\/v2\/pages\/880"}],"collection":[{"href":"https:\/\/test.aliersa.com\/ca\/wp-json\/wp\/v2\/pages"}],"about":[{"href":"https:\/\/test.aliersa.com\/ca\/wp-json\/wp\/v2\/types\/page"}],"author":[{"embeddable":true,"href":"https:\/\/test.aliersa.com\/ca\/wp-json\/wp\/v2\/users\/3"}],"replies":[{"embeddable":true,"href":"https:\/\/test.aliersa.com\/ca\/wp-json\/wp\/v2\/comments?post=880"}],"version-history":[{"count":3,"href":"https:\/\/test.aliersa.com\/ca\/wp-json\/wp\/v2\/pages\/880\/revisions"}],"predecessor-version":[{"id":1861,"href":"https:\/\/test.aliersa.com\/ca\/wp-json\/wp\/v2\/pages\/880\/revisions\/1861"}],"wp:attachment":[{"href":"https:\/\/test.aliersa.com\/ca\/wp-json\/wp\/v2\/media?parent=880"}],"curies":[{"name":"wp","href":"https:\/\/api.w.org\/{rel}","templated":true}]}}