{"id":519,"date":"2021-09-22T16:13:20","date_gmt":"2021-09-22T13:13:20","guid":{"rendered":"https:\/\/test.aliersa.com\/privacy-policy-2\/"},"modified":"2022-04-01T14:59:55","modified_gmt":"2022-04-01T11:59:55","slug":"politica-de-privacidad","status":"publish","type":"page","link":"https:\/\/test.aliersa.com\/es\/politica-de-privacidad\/","title":{"rendered":"Pol\u00edtica de privacidad"},"content":{"rendered":"\r\n<p>De conformidad con el Reglamento (UE) 2016\/679 del Parlamento Europeo y del Consejo de 27 de abril de 2016 (\u201cRGPD\u201d) y la Ley Org\u00e1nica 3\/2018, de 5 de diciembre, de Protecci\u00f3n de Datos Personales y garant\u00eda de los derechos digitales, ALIER, S.A. (Alier) informa acerca del tratamiento de sus datos personales.<\/p>\r\n<p><strong>\u00bfQUI\u00c9N ES EL RESPONSABLE DEL TRATAMIENTO DE SUS DATOS?<\/strong><\/p>\r\n<p>Titular del sitio: Alier, S.A.<\/p>\r\n<p>CIF: A08031544.<\/p>\r\n<p>Domicilio Social: C\/ Avda. Diagonal 403, 6\u00ba 3\u00aa, 08008, Barcelona.<\/p>\r\n<p>Tel\u00e9fono: +34 933042860.<\/p>\r\n<p>Email: <a href=\"mailto:info@alier.com\">info@alier.com<\/a>.<\/p>\r\n<p>&nbsp;<\/p>\r\n<p>\u00a0<strong>\u00bfCON QUE FINALIDAD TRATAREMOS SUS DATOS PERSONALES?<\/strong><\/p>\r\n<ul>\r\n<li>Responder a las consultas y\/o solicitudes de informaci\u00f3n transmitidas por usuarios, a trav\u00e9s del sitio web.<\/li>\r\n<li>Gestionar la participaci\u00f3n en procesos de selecci\u00f3n de personal de aquellos candidatos que trasladen sus solicitudes a trav\u00e9s de los canales dispuestos por Alier a tal efecto. Tanto en procesos de selecci\u00f3n activos como futuros que puedan adaptarse a su perfil profesional.<\/li>\r\n<li>Posibilitar la planificaci\u00f3n de transporte a trav\u00e9s del canal dispuesto por Alier.<\/li>\r\n<li>Realizar las gestiones comerciales, administrativas, fiscales, contables que sean necesarias para posibilitar la relaci\u00f3n comercial con clientes y\/o proveedores.<\/li>\r\n<li>Tratamientos destinados al cumplimiento de las obligaciones contables, fiscales y\/o mercantiles legalmente establecidas.<\/li>\r\n<li>Posibilitar la remisi\u00f3n de comunicaciones a prop\u00f3sito de los productos y\/o servicios de Alier.<\/li>\r\n<li>Responder y, en todo caso, estudiar las denuncias recibidas a trav\u00e9s del \u201cCanal \u00c9tico\u201d de la empresa y\/o el Formulario de denuncia igualdad y prevenci\u00f3n de acoso.<\/li>\r\n<\/ul>\r\n<p>&nbsp;<\/p>\r\n<p>&nbsp;<\/p>\r\n<p><strong>\u00bfCU\u00c1L ES LA LEGITIMACI\u00d3N PARA EL TRATAMIENTO DE SUS DATOS?<\/strong><\/p>\r\n<ul>\r\n<li>Responder a las consultas y\/o solicitudes de informaci\u00f3n transmitidas por usuarios a trav\u00e9s del sitio web. El consentimiento manifestado con usted, en el momento de hacer su solicitud (Art. 6.1.a. RGPD).<\/li>\r\n<li>Gestionar la participaci\u00f3n en procesos de selecci\u00f3n de personal de aquellos candidatos que trasladen sus solicitudes a trav\u00e9s de los canales dispuestos por Alier a tal efecto. Tanto en procesos de selecci\u00f3n activos como futuros que puedan adaptarse a su perfil profesional. El tratamiento es necesario para la ejecuci\u00f3n de un contrato en el que el interesado es parte o para la aplicaci\u00f3n a petici\u00f3n de este de medidas precontractuales (Art. 6.1.b. RGPD).<\/li>\r\n<li>Posibilitar la planificaci\u00f3n de transporte a trav\u00e9s del canal dispuesto por Alier. Posibilitar la ejecuci\u00f3n de los servicios contratados (Art. 6.1.b. RGPD).<\/li>\r\n<li>Posibilitar la relaci\u00f3n comercial con clientes y\/o proveedores. Posibilitar la ejecuci\u00f3n de los servicios contratados o el cumplimiento de las obligaciones relacionadas con los productos ofrecidos (Art. 6.1.b. RGPD).<\/li>\r\n<li>Tratamientos destinados al cumplimiento de las obligaciones contables, fiscales y\/o mercantiles legalmente establecidas. El tratamiento es necesario para el cumplimiento de una obligaci\u00f3n legal aplicable al responsable del tratamiento (Art. 6.1.c RGPD).<\/li>\r\n<li>Posibilitar la remisi\u00f3n de comunicaciones a prop\u00f3sito de los productos y\/o servicios de Alier. Inter\u00e9s leg\u00edtimo de mercadotecnia directa respecto a clientes y consentimiento para clientes potenciales (Art. 21 LSSI).<\/li>\r\n<li>Responder y en todo caso estudiar las denuncias recibidas a trav\u00e9s del \u201cCanal \u00c9tico\u201d de la empresa y\/o el Formulario de denuncia igualdad y prevenci\u00f3n de acoso. Cumplir con la ley y con la normativa contenida en el C\u00f3digo Penal de responsabilidad penal de las personas jur\u00eddicas (Art. 6.1.c RGPD).<\/li>\r\n<\/ul>\r\n<p>&nbsp;<\/p>\r\n<p>&nbsp;<\/p>\r\n<p><strong>\u00bfA QU\u00c9 DESTINATARIOS SE COMUNICAR\u00c1N SUS DATOS?<\/strong><\/p>\r\n<p>\u00danicamente est\u00e1 prevista la comunicaci\u00f3n de los datos facilitados, a trav\u00e9s del presente sitio web o durante la prestaci\u00f3n de servicios, en caso que resultara imprescindible para cumplir con las finalidades se\u00f1aladas para cada tratamiento concreto o una ley lo estableciera.<\/p>\r\n<p>&nbsp;<\/p>\r\n<p><strong>\u00bfPOR CU\u00c1NTO TIEMPO CONSERVAREMOS SUS DATOS?<\/strong><\/p>\r\n<p>Por lo general, los datos proporcionados se conservar\u00e1n:<\/p>\r\n<ul>\r\n<li>Consultas y\/o solicitudes de informaci\u00f3n. El tiempo necesario para la gesti\u00f3n de sus solicitudes.<\/li>\r\n<li>Selecci\u00f3n de personal. En caso que no haya sido seleccionado, dos a\u00f1os para futuros procesos de selecci\u00f3n.<\/li>\r\n<li>Posibilitar la planificaci\u00f3n de transporte a trav\u00e9s del canal dispuesto por Alier.<\/li>\r\n<\/ul>\r\n<p>Realizar las gestiones comerciales, administrativas, fiscales, contables que sean necesarias para posibilitar la relaci\u00f3n comercial con clientes y\/o proveedores.<\/p>\r\n<p>Tratamientos destinados al cumplimiento de las obligaciones contables, fiscales y\/o mercantiles legalmente establecidas. Para todos ellos, los plazos legalmente establecidos.<\/p>\r\n<ul>\r\n<li>Remisi\u00f3n de comunicaciones a prop\u00f3sito de los productos y\/o servicios de Alier. Hasta que la informaci\u00f3n haya dejado de ser \u00fatil para la finalidad prevista o retire el consentimiento otorgado.<\/li>\r\n<li>Responder y en todo caso estudiar las denuncias recibidas a trav\u00e9s del \u201cCanal \u00c9tico\u201d de la empresa y\/o el Formulario de denuncia igualdad y prevenci\u00f3n de acoso. Los datos que se faciliten se conservar\u00e1n el tiempo necesario para investigar y resolver la denuncia y hasta la prescripci\u00f3n o finalizaci\u00f3n de las acciones legales que pudieran derivarse. En cualquier otro caso, los datos se eliminar\u00e1n transcurridos un a\u00f1o desde su recepci\u00f3n.<\/li>\r\n<\/ul>\r\n<p>&nbsp;<\/p>\r\n<p>En todo caso, se suprimir\u00e1n cuando usted lo solicite y sea posible su supresi\u00f3n.<\/p>\r\n<p>&nbsp;<\/p>\r\n<p><strong>\u00bfD\u00d3NDE OBTENEMOS SUS DATOS?<\/strong><\/p>\r\n<p>Los datos que vayamos a tratar son los que nos pueda ir facilitando usted a lo largo de nuestra relaci\u00f3n.<\/p>\r\n<p>&nbsp;<\/p>\r\n<p><strong>\u00bfCU\u00c1LES SON SUS DERECHOS CUANDO NOS FACILITA SUS DATOS?<\/strong><\/p>\r\n<p>En tanto en cuanto Alier trate sus datos personales, usted tiene derecho a solicitar:<\/p>\r\n<p>Acceso.- El interesado tendr\u00e1 derecho a obtener, por parte de Alier, confirmaci\u00f3n de si se est\u00e1n tratando o no los datos que le conciernan, as\u00ed como informaci\u00f3n detallada acerca de determinados aspectos del tratamiento que se est\u00e9 llevando a cabo.<\/p>\r\n<p>Rectificaci\u00f3n.- El interesado tendr\u00e1 derecho a obtener la rectificaci\u00f3n de los datos personales inexactos que le conciernan o que se completen aquellos que fueran incompletos.<\/p>\r\n<p>Supresi\u00f3n.- El interesado tendr\u00e1 derecho a solicitar la supresi\u00f3n de sus datos personales, en todo caso al supresi\u00f3n estar\u00e1 sujeta a los l\u00edmites establecidos en la norma reguladora.<\/p>\r\n<p>Limitaci\u00f3n de su tratamiento.- El interesado tendr\u00e1 derecho a solicitar la limitaci\u00f3n respecto al tratamiento de sus datos de car\u00e1cter personal<\/p>\r\n<p>Oposici\u00f3n al tratamiento.- En determinadas circunstancias\u00a0 y por motivos relacionados con su situaci\u00f3n particular, los interesados podr\u00e1n oponerse al tratamiento de sus datos. Alier dejar\u00e1 de tratar los datos, salvo por motivos leg\u00edtimos, imperiosos, o el ejercicio o la defensa de posibles reclamaciones.<\/p>\r\n<p>Derecho a la portabilidad de sus datos.- Es decir, tendr\u00e1 derecho a recibir los datos personales que le incumban, que haya facilitado a un responsable del tratamiento, en un formato estructurado, de uso com\u00fan y lectura mec\u00e1nica y a transmitirlos a otro responsable del tratamiento.<\/p>\r\n<p>Los referidos derechos podr\u00e1n ser ejercidos mediante solicitud dirigida a: Alier, S.A. Av. Diagonal 403 6\u00ba3 08008 Barcelona. Tel. 933042860 E-mail <a href=\"mailto:info@aliersa.com\">info@aliersa.com<\/a><\/p>\r\n<p>&nbsp;<\/p>\r\n<p><strong>\u00bfQU\u00c9 OCURRE SI NO FACILITO LOS DATOS SOLICITADOS?<\/strong><\/p>\r\n<p>La negativa a facilitar los datos se\u00f1alados como obligatorios, podr\u00eda suponer la imposibilidad de acceder al servicio o responder a sus solicitudes.<\/p>\r\n<p><strong>Transferencias internacionales.<\/strong><\/p>\r\n<p>No est\u00e1 prevista la transferencia internacional de los datos tratados.<\/p>\r\n<p><strong>Tutela de las autoridades de control.<\/strong><\/p>\r\n<p>En caso que lo creyera oportuno, puede requerir la tutela de la Agencia Espa\u00f1ola de Protecci\u00f3n de Datos presentando la correspondiente reclamaci\u00f3n. www.agpd.es. C\/ Jorge Juan n\u00ba 6 28001 Madrid.<\/p>\r\n<p>&nbsp;<\/p>\r\n","protected":false},"excerpt":{"rendered":"<p>De conformidad con el Reglamento (UE) 2016\/679 del Parlamento Europeo y del Consejo de 27 de abril de 2016 (\u201cRGPD\u201d) y la Ley Org\u00e1nica 3\/2018, de 5 de diciembre, de Protecci\u00f3n de Datos Personales y garant\u00eda de los derechos digitales, ALIER, S.A. (Alier) informa acerca del tratamiento de sus datos personales. \u00bfQUI\u00c9N ES EL RESPONSABLE [&hellip;]<\/p>\n","protected":false},"author":3,"featured_media":0,"parent":0,"menu_order":5,"comment_status":"closed","ping_status":"closed","template":"","meta":{"inline_featured_image":false,"footnotes":""},"yoast_head":"<!-- This site is optimized with the Yoast SEO plugin v22.1 - https:\/\/yoast.com\/wordpress\/plugins\/seo\/ -->\n<title>Pol\u00edtica de privacidad &#8211; Alier<\/title>\n<meta name=\"robots\" content=\"index, follow, max-snippet:-1, max-image-preview:large, max-video-preview:-1\" \/>\n<link rel=\"canonical\" href=\"https:\/\/test.aliersa.com\/es\/politica-de-privacidad\/\" \/>\n<meta property=\"og:locale\" content=\"es_ES\" \/>\n<meta property=\"og:type\" content=\"article\" \/>\n<meta property=\"og:title\" content=\"Pol\u00edtica de privacidad &#8211; Alier\" \/>\n<meta property=\"og:description\" content=\"De conformidad con el Reglamento (UE) 2016\/679 del Parlamento Europeo y del Consejo de 27 de abril de 2016 (\u201cRGPD\u201d) y la Ley Org\u00e1nica 3\/2018, de 5 de diciembre, de Protecci\u00f3n de Datos Personales y garant\u00eda de los derechos digitales, ALIER, S.A. (Alier) informa acerca del tratamiento de sus datos personales. \u00bfQUI\u00c9N ES EL RESPONSABLE [&hellip;]\" \/>\n<meta property=\"og:url\" content=\"https:\/\/test.aliersa.com\/es\/politica-de-privacidad\/\" \/>\n<meta property=\"og:site_name\" content=\"Alier\" \/>\n<meta property=\"article:modified_time\" content=\"2022-04-01T11:59:55+00:00\" \/>\n<meta name=\"twitter:card\" content=\"summary_large_image\" \/>\n<meta name=\"twitter:label1\" content=\"Tiempo de lectura\" \/>\n\t<meta name=\"twitter:data1\" content=\"6 minutos\" \/>\n<script type=\"application\/ld+json\" class=\"yoast-schema-graph\">{\"@context\":\"https:\/\/schema.org\",\"@graph\":[{\"@type\":\"WebPage\",\"@id\":\"https:\/\/test.aliersa.com\/politica-de-privacidad\/\",\"url\":\"https:\/\/test.aliersa.com\/es\/politica-de-privacidad\/\",\"name\":\"Pol\u00edtica de privacidad &#8211; Alier\",\"isPartOf\":{\"@id\":\"https:\/\/test.aliersa.com\/#website\"},\"datePublished\":\"2021-09-22T13:13:20+00:00\",\"dateModified\":\"2022-04-01T11:59:55+00:00\",\"breadcrumb\":{\"@id\":\"https:\/\/test.aliersa.com\/es\/politica-de-privacidad\/#breadcrumb\"},\"inLanguage\":\"es\",\"potentialAction\":[{\"@type\":\"ReadAction\",\"target\":[\"https:\/\/test.aliersa.com\/es\/politica-de-privacidad\/\"]}]},{\"@type\":\"BreadcrumbList\",\"@id\":\"https:\/\/test.aliersa.com\/es\/politica-de-privacidad\/#breadcrumb\",\"itemListElement\":[{\"@type\":\"ListItem\",\"position\":1,\"name\":\"Portada\",\"item\":\"https:\/\/test.aliersa.com\/es\/\"},{\"@type\":\"ListItem\",\"position\":2,\"name\":\"Pol\u00edtica de privacidad\"}]},{\"@type\":\"WebSite\",\"@id\":\"https:\/\/test.aliersa.com\/#website\",\"url\":\"https:\/\/test.aliersa.com\/\",\"name\":\"Alier\",\"description\":\"L\u00edderes en fabricaci\u00f3n sostenible desde 1948\",\"potentialAction\":[{\"@type\":\"SearchAction\",\"target\":{\"@type\":\"EntryPoint\",\"urlTemplate\":\"https:\/\/test.aliersa.com\/?s={search_term_string}\"},\"query-input\":\"required name=search_term_string\"}],\"inLanguage\":\"es\"}]}<\/script>\n<!-- \/ Yoast SEO plugin. -->","yoast_head_json":{"title":"Pol\u00edtica de privacidad &#8211; Alier","robots":{"index":"index","follow":"follow","max-snippet":"max-snippet:-1","max-image-preview":"max-image-preview:large","max-video-preview":"max-video-preview:-1"},"canonical":"https:\/\/test.aliersa.com\/es\/politica-de-privacidad\/","og_locale":"es_ES","og_type":"article","og_title":"Pol\u00edtica de privacidad &#8211; Alier","og_description":"De conformidad con el Reglamento (UE) 2016\/679 del Parlamento Europeo y del Consejo de 27 de abril de 2016 (\u201cRGPD\u201d) y la Ley Org\u00e1nica 3\/2018, de 5 de diciembre, de Protecci\u00f3n de Datos Personales y garant\u00eda de los derechos digitales, ALIER, S.A. (Alier) informa acerca del tratamiento de sus datos personales. \u00bfQUI\u00c9N ES EL RESPONSABLE [&hellip;]","og_url":"https:\/\/test.aliersa.com\/es\/politica-de-privacidad\/","og_site_name":"Alier","article_modified_time":"2022-04-01T11:59:55+00:00","twitter_card":"summary_large_image","twitter_misc":{"Tiempo de lectura":"6 minutos"},"schema":{"@context":"https:\/\/schema.org","@graph":[{"@type":"WebPage","@id":"https:\/\/test.aliersa.com\/politica-de-privacidad\/","url":"https:\/\/test.aliersa.com\/es\/politica-de-privacidad\/","name":"Pol\u00edtica de privacidad &#8211; Alier","isPartOf":{"@id":"https:\/\/test.aliersa.com\/#website"},"datePublished":"2021-09-22T13:13:20+00:00","dateModified":"2022-04-01T11:59:55+00:00","breadcrumb":{"@id":"https:\/\/test.aliersa.com\/es\/politica-de-privacidad\/#breadcrumb"},"inLanguage":"es","potentialAction":[{"@type":"ReadAction","target":["https:\/\/test.aliersa.com\/es\/politica-de-privacidad\/"]}]},{"@type":"BreadcrumbList","@id":"https:\/\/test.aliersa.com\/es\/politica-de-privacidad\/#breadcrumb","itemListElement":[{"@type":"ListItem","position":1,"name":"Portada","item":"https:\/\/test.aliersa.com\/es\/"},{"@type":"ListItem","position":2,"name":"Pol\u00edtica de privacidad"}]},{"@type":"WebSite","@id":"https:\/\/test.aliersa.com\/#website","url":"https:\/\/test.aliersa.com\/","name":"Alier","description":"L\u00edderes en fabricaci\u00f3n sostenible desde 1948","potentialAction":[{"@type":"SearchAction","target":{"@type":"EntryPoint","urlTemplate":"https:\/\/test.aliersa.com\/?s={search_term_string}"},"query-input":"required name=search_term_string"}],"inLanguage":"es"}]}},"_links":{"self":[{"href":"https:\/\/test.aliersa.com\/es\/wp-json\/wp\/v2\/pages\/519"}],"collection":[{"href":"https:\/\/test.aliersa.com\/es\/wp-json\/wp\/v2\/pages"}],"about":[{"href":"https:\/\/test.aliersa.com\/es\/wp-json\/wp\/v2\/types\/page"}],"author":[{"embeddable":true,"href":"https:\/\/test.aliersa.com\/es\/wp-json\/wp\/v2\/users\/3"}],"replies":[{"embeddable":true,"href":"https:\/\/test.aliersa.com\/es\/wp-json\/wp\/v2\/comments?post=519"}],"version-history":[{"count":4,"href":"https:\/\/test.aliersa.com\/es\/wp-json\/wp\/v2\/pages\/519\/revisions"}],"predecessor-version":[{"id":1856,"href":"https:\/\/test.aliersa.com\/es\/wp-json\/wp\/v2\/pages\/519\/revisions\/1856"}],"wp:attachment":[{"href":"https:\/\/test.aliersa.com\/es\/wp-json\/wp\/v2\/media?parent=519"}],"curies":[{"name":"wp","href":"https:\/\/api.w.org\/{rel}","templated":true}]}}